{"id":2448,"date":"2024-02-20T11:02:43","date_gmt":"2024-02-20T11:02:43","guid":{"rendered":"https:\/\/klbtheme.com\/djewno\/?page_id=2448"},"modified":"2025-10-02T05:17:08","modified_gmt":"2025-10-02T03:17:08","slug":"about-us","status":"publish","type":"page","link":"https:\/\/italysilverhonduras.com\/index.php\/about-us\/","title":{"rendered":"About Us"},"content":{"rendered":"\t\t<div data-elementor-type=\"wp-page\" data-elementor-id=\"2448\" class=\"elementor elementor-2448\">\n\t\t\t\t<div class=\"elementor-element elementor-element-4080c79 e-con-full e-flex e-con e-parent\" data-id=\"4080c79\" data-element_type=\"container\">\n\t\t\t\t<div class=\"elementor-element elementor-element-b18d456 elementor-widget elementor-widget-image\" data-id=\"b18d456\" data-element_type=\"widget\" data-widget_type=\"image.default\">\n\t\t\t\t\t\t\t\t\t\t\t\t\t\t\t<img fetchpriority=\"high\" decoding=\"async\" width=\"1896\" height=\"771\" src=\"https:\/\/italysilverhonduras.com\/wp-content\/uploads\/2025\/10\/portada.png\" class=\"attachment-full size-full wp-image-3047\" alt=\"\" srcset=\"https:\/\/italysilverhonduras.com\/wp-content\/uploads\/2025\/10\/portada.png 1896w, https:\/\/italysilverhonduras.com\/wp-content\/uploads\/2025\/10\/portada-300x122.png 300w, https:\/\/italysilverhonduras.com\/wp-content\/uploads\/2025\/10\/portada-1024x416.png 1024w, https:\/\/italysilverhonduras.com\/wp-content\/uploads\/2025\/10\/portada-768x312.png 768w, https:\/\/italysilverhonduras.com\/wp-content\/uploads\/2025\/10\/portada-1536x625.png 1536w, https:\/\/italysilverhonduras.com\/wp-content\/uploads\/2025\/10\/portada-600x244.png 600w, https:\/\/italysilverhonduras.com\/wp-content\/uploads\/2025\/10\/portada-90x37.png 90w\" sizes=\"(max-width: 1896px) 100vw, 1896px\" \/>\t\t\t\t\t\t\t\t\t\t\t\t\t\t\t<\/div>\n\t\t\t\t<\/div>\n\t\t<div class=\"elementor-element elementor-element-2956ec7 e-flex e-con-boxed e-con e-parent\" data-id=\"2956ec7\" data-element_type=\"container\">\n\t\t\t\t\t<div class=\"e-con-inner\">\n\t\t<div class=\"elementor-element elementor-element-515a288 e-con-full e-flex e-con e-child\" data-id=\"515a288\" data-element_type=\"container\">\n\t\t\t\t<div class=\"elementor-element elementor-element-8f4ca02 elementor-widget elementor-widget-heading\" data-id=\"8f4ca02\" data-element_type=\"widget\" data-widget_type=\"heading.default\">\n\t\t\t\t\t<h2 class=\"elementor-heading-title elementor-size-default\">Misi\u00f3n<\/h2>\t\t\t\t<\/div>\n\t\t\t\t<div class=\"elementor-element elementor-element-f21e861 elementor-widget elementor-widget-text-editor\" data-id=\"f21e861\" data-element_type=\"widget\" data-widget_type=\"text-editor.default\">\n\t\t\t\t\t\t\t\t\t<p>En <strong data-start=\"116\" data-end=\"132\">Italy Silver<\/strong> tenemos la misi\u00f3n de ofrecer joyas de plata y accesorios exclusivos que transmitan elegancia, autenticidad y valor en cada detalle. Nos comprometemos a brindar productos de <strong data-start=\"306\" data-end=\"329\">calidad certificada<\/strong>, acompa\u00f1ados de un servicio personalizado que supere las expectativas de nuestros clientes en <strong data-start=\"424\" data-end=\"451\">Siguatepeque, Comayagua<\/strong> y en todo Honduras.<\/p>\t\t\t\t\t\t\t\t<\/div>\n\t\t\t\t<\/div>\n\t\t<div class=\"elementor-element elementor-element-ecab4b2 e-con-full e-flex e-con e-child\" data-id=\"ecab4b2\" data-element_type=\"container\">\n\t\t\t\t<div class=\"elementor-element elementor-element-1eb81f9 elementor-widget elementor-widget-image\" data-id=\"1eb81f9\" data-element_type=\"widget\" data-widget_type=\"image.default\">\n\t\t\t\t\t\t\t\t\t\t\t\t\t\t\t<img decoding=\"async\" width=\"450\" height=\"450\" src=\"https:\/\/italysilverhonduras.com\/wp-content\/uploads\/2025\/10\/536267802_122118420884948619_2080607434328975978_n-450x450.jpg\" class=\"attachment-djewno-woo-product size-djewno-woo-product wp-image-3038\" alt=\"\" srcset=\"https:\/\/italysilverhonduras.com\/wp-content\/uploads\/2025\/10\/536267802_122118420884948619_2080607434328975978_n-450x450.jpg 450w, https:\/\/italysilverhonduras.com\/wp-content\/uploads\/2025\/10\/536267802_122118420884948619_2080607434328975978_n-150x150.jpg 150w, https:\/\/italysilverhonduras.com\/wp-content\/uploads\/2025\/10\/536267802_122118420884948619_2080607434328975978_n-300x300.jpg 300w\" sizes=\"(max-width: 450px) 100vw, 450px\" \/>\t\t\t\t\t\t\t\t\t\t\t\t\t\t\t<\/div>\n\t\t\t\t<\/div>\n\t\t\t\t\t<\/div>\n\t\t\t\t<\/div>\n\t\t<div class=\"elementor-element elementor-element-a752583 e-flex e-con-boxed e-con e-parent\" data-id=\"a752583\" data-element_type=\"container\">\n\t\t\t\t\t<div class=\"e-con-inner\">\n\t\t<div class=\"elementor-element elementor-element-395adf2 e-con-full e-flex e-con e-child\" data-id=\"395adf2\" data-element_type=\"container\">\n\t\t\t\t<div class=\"elementor-element elementor-element-b042513 elementor-widget elementor-widget-image\" data-id=\"b042513\" data-element_type=\"widget\" data-widget_type=\"image.default\">\n\t\t\t\t\t\t\t\t\t\t\t\t\t\t\t<img decoding=\"async\" width=\"450\" height=\"450\" src=\"https:\/\/italysilverhonduras.com\/wp-content\/uploads\/2025\/10\/536266949_122118420668948619_8087469975892594536_n-450x450.jpg\" class=\"attachment-djewno-woo-product size-djewno-woo-product wp-image-3039\" alt=\"\" srcset=\"https:\/\/italysilverhonduras.com\/wp-content\/uploads\/2025\/10\/536266949_122118420668948619_8087469975892594536_n-450x450.jpg 450w, https:\/\/italysilverhonduras.com\/wp-content\/uploads\/2025\/10\/536266949_122118420668948619_8087469975892594536_n-150x150.jpg 150w, https:\/\/italysilverhonduras.com\/wp-content\/uploads\/2025\/10\/536266949_122118420668948619_8087469975892594536_n-300x300.jpg 300w\" sizes=\"(max-width: 450px) 100vw, 450px\" \/>\t\t\t\t\t\t\t\t\t\t\t\t\t\t\t<\/div>\n\t\t\t\t<\/div>\n\t\t<div class=\"elementor-element elementor-element-a7d4987 e-con-full e-flex e-con e-child\" data-id=\"a7d4987\" data-element_type=\"container\">\n\t\t\t\t<div class=\"elementor-element elementor-element-95d7ac7 elementor-widget elementor-widget-heading\" data-id=\"95d7ac7\" data-element_type=\"widget\" data-widget_type=\"heading.default\">\n\t\t\t\t\t<h2 class=\"elementor-heading-title elementor-size-default\">Visi\u00f3n<\/h2>\t\t\t\t<\/div>\n\t\t\t\t<div class=\"elementor-element elementor-element-bf4bc7e elementor-widget elementor-widget-text-editor\" data-id=\"bf4bc7e\" data-element_type=\"widget\" data-widget_type=\"text-editor.default\">\n\t\t\t\t\t\t\t\t\t<p>Ser la <strong data-start=\"499\" data-end=\"536\">joyer\u00eda de referencia en Honduras<\/strong>, reconocida por la excelencia de nuestros productos, la innovaci\u00f3n en nuestros dise\u00f1os y la confianza que inspiramos en cada cliente, expandiendo nuestra marca como s\u00edmbolo de calidad, distinci\u00f3n y belleza atemporal.<\/p>\t\t\t\t\t\t\t\t<\/div>\n\t\t\t\t<\/div>\n\t\t\t\t\t<\/div>\n\t\t\t\t<\/div>\n\t\t<div class=\"elementor-element elementor-element-2c77b0e e-flex e-con-boxed e-con e-parent\" data-id=\"2c77b0e\" data-element_type=\"container\">\n\t\t\t\t\t<div class=\"e-con-inner\">\n\t\t\t\t<div class=\"elementor-element elementor-element-52105aa elementor-widget elementor-widget-spacer\" data-id=\"52105aa\" data-element_type=\"widget\" data-widget_type=\"spacer.default\">\n\t\t\t\t\t\t\t<div class=\"elementor-spacer\">\n\t\t\t<div class=\"elementor-spacer-inner\"><\/div>\n\t\t<\/div>\n\t\t\t\t\t\t<\/div>\n\t\t\t\t\t<\/div>\n\t\t\t\t<\/div>\n\t\t<div class=\"elementor-element elementor-element-76f3a49 e-grid e-con-boxed e-con e-parent\" data-id=\"76f3a49\" data-element_type=\"container\">\n\t\t\t\t\t<div class=\"e-con-inner\">\n\t\t\t\t<div class=\"elementor-element elementor-element-4fac923 elementor-view-default elementor-position-block-start elementor-mobile-position-block-start elementor-widget elementor-widget-icon-box\" data-id=\"4fac923\" data-element_type=\"widget\" data-widget_type=\"icon-box.default\">\n\t\t\t\t\t\t\t<div class=\"elementor-icon-box-wrapper\">\n\n\t\t\t\t\t\t<div class=\"elementor-icon-box-icon\">\n\t\t\t\t<span  class=\"elementor-icon\">\n\t\t\t\t<svg aria-hidden=\"true\" class=\"e-font-icon-svg e-far-gem\" viewBox=\"0 0 576 512\" xmlns=\"http:\/\/www.w3.org\/2000\/svg\"><path d=\"M464 0H112c-4 0-7.8 2-10 5.4L2 152.6c-2.9 4.4-2.6 10.2.7 14.2l276 340.8c4.8 5.9 13.8 5.9 18.6 0l276-340.8c3.3-4.1 3.6-9.8.7-14.2L474.1 5.4C471.8 2 468.1 0 464 0zm-19.3 48l63.3 96h-68.4l-51.7-96h56.8zm-202.1 0h90.7l51.7 96H191l51.6-96zm-111.3 0h56.8l-51.7 96H68l63.3-96zm-43 144h51.4L208 352 88.3 192zm102.9 0h193.6L288 435.3 191.2 192zM368 352l68.2-160h51.4L368 352z\"><\/path><\/svg>\t\t\t\t<\/span>\n\t\t\t<\/div>\n\t\t\t\n\t\t\t\t\t\t<div class=\"elementor-icon-box-content\">\n\n\t\t\t\t\t\t\t\t\t<h3 class=\"elementor-icon-box-title\">\n\t\t\t\t\t\t<span  >\n\t\t\t\t\t\t\tCalidad Garantizada\t\t\t\t\t\t<\/span>\n\t\t\t\t\t<\/h3>\n\t\t\t\t\n\t\t\t\t\t\t\t\t\t<p class=\"elementor-icon-box-description\">\n\t\t\t\t\t\tEn Italy Silver la calidad no es solo una promesa, es nuestro sello de identidad. Cada joya que ofrecemos ha sido cuidadosamente seleccionada y elaborada con materiales aut\u00e9nticos y procesos rigurosamente supervisados, lo que garantiza su autenticidad, durabilidad y belleza atemporal.\t\t\t\t\t<\/p>\n\t\t\t\t\n\t\t\t<\/div>\n\t\t\t\n\t\t<\/div>\n\t\t\t\t\t\t<\/div>\n\t\t\t\t<div class=\"elementor-element elementor-element-cedd1bb elementor-view-default elementor-position-block-start elementor-mobile-position-block-start elementor-widget elementor-widget-icon-box\" data-id=\"cedd1bb\" data-element_type=\"widget\" data-widget_type=\"icon-box.default\">\n\t\t\t\t\t\t\t<div class=\"elementor-icon-box-wrapper\">\n\n\t\t\t\t\t\t<div class=\"elementor-icon-box-icon\">\n\t\t\t\t<span  class=\"elementor-icon\">\n\t\t\t\t<svg aria-hidden=\"true\" class=\"e-font-icon-svg e-fas-taxi\" viewBox=\"0 0 512 512\" xmlns=\"http:\/\/www.w3.org\/2000\/svg\"><path d=\"M462 241.64l-22-84.84c-9.6-35.2-41.6-60.8-76.8-60.8H352V64c0-17.67-14.33-32-32-32H192c-17.67 0-32 14.33-32 32v32h-11.2c-35.2 0-67.2 25.6-76.8 60.8l-22 84.84C21.41 248.04 0 273.47 0 304v48c0 23.63 12.95 44.04 32 55.12V448c0 17.67 14.33 32 32 32h32c17.67 0 32-14.33 32-32v-32h256v32c0 17.67 14.33 32 32 32h32c17.67 0 32-14.33 32-32v-40.88c19.05-11.09 32-31.5 32-55.12v-48c0-30.53-21.41-55.96-50-62.36zM96 352c-17.67 0-32-14.33-32-32s14.33-32 32-32 32 14.33 32 32-14.33 32-32 32zm20.55-112l17.2-66.36c2.23-8.16 9.59-13.64 15.06-13.64h214.4c5.47 0 12.83 5.48 14.85 12.86L395.45 240h-278.9zM416 352c-17.67 0-32-14.33-32-32s14.33-32 32-32 32 14.33 32 32-14.33 32-32 32z\"><\/path><\/svg>\t\t\t\t<\/span>\n\t\t\t<\/div>\n\t\t\t\n\t\t\t\t\t\t<div class=\"elementor-icon-box-content\">\n\n\t\t\t\t\t\t\t\t\t<h3 class=\"elementor-icon-box-title\">\n\t\t\t\t\t\t<span  >\n\t\t\t\t\t\t\tEnv\u00edos a todo el pa\u00eds\t\t\t\t\t\t<\/span>\n\t\t\t\t\t<\/h3>\n\t\t\t\t\n\t\t\t\t\t\t\t\t\t<p class=\"elementor-icon-box-description\">\n\t\t\t\t\t\tEn Italy Silver queremos estar cerca de ti sin importar la distancia. Por eso, realizamos env\u00edos a todo el pa\u00eds, garantizando que tus joyas lleguen de forma segura, r\u00e1pida y con la misma elegancia que nos caracteriza.\t\t\t\t\t<\/p>\n\t\t\t\t\n\t\t\t<\/div>\n\t\t\t\n\t\t<\/div>\n\t\t\t\t\t\t<\/div>\n\t\t\t\t<div class=\"elementor-element elementor-element-822fb70 elementor-view-default elementor-position-block-start elementor-mobile-position-block-start elementor-widget elementor-widget-icon-box\" data-id=\"822fb70\" data-element_type=\"widget\" data-widget_type=\"icon-box.default\">\n\t\t\t\t\t\t\t<div class=\"elementor-icon-box-wrapper\">\n\n\t\t\t\t\t\t<div class=\"elementor-icon-box-icon\">\n\t\t\t\t<span  class=\"elementor-icon\">\n\t\t\t\t<svg aria-hidden=\"true\" class=\"e-font-icon-svg e-far-comments\" viewBox=\"0 0 576 512\" xmlns=\"http:\/\/www.w3.org\/2000\/svg\"><path d=\"M532 386.2c27.5-27.1 44-61.1 44-98.2 0-80-76.5-146.1-176.2-157.9C368.3 72.5 294.3 32 208 32 93.1 32 0 103.6 0 192c0 37 16.5 71 44 98.2-15.3 30.7-37.3 54.5-37.7 54.9-6.3 6.7-8.1 16.5-4.4 25 3.6 8.5 12 14 21.2 14 53.5 0 96.7-20.2 125.2-38.8 9.2 2.1 18.7 3.7 28.4 4.9C208.1 407.6 281.8 448 368 448c20.8 0 40.8-2.4 59.8-6.8C456.3 459.7 499.4 480 553 480c9.2 0 17.5-5.5 21.2-14 3.6-8.5 1.9-18.3-4.4-25-.4-.3-22.5-24.1-37.8-54.8zm-392.8-92.3L122.1 305c-14.1 9.1-28.5 16.3-43.1 21.4 2.7-4.7 5.4-9.7 8-14.8l15.5-31.1L77.7 256C64.2 242.6 48 220.7 48 192c0-60.7 73.3-112 160-112s160 51.3 160 112-73.3 112-160 112c-16.5 0-33-1.9-49-5.6l-19.8-4.5zM498.3 352l-24.7 24.4 15.5 31.1c2.6 5.1 5.3 10.1 8 14.8-14.6-5.1-29-12.3-43.1-21.4l-17.1-11.1-19.9 4.6c-16 3.7-32.5 5.6-49 5.6-54 0-102.2-20.1-131.3-49.7C338 339.5 416 272.9 416 192c0-3.4-.4-6.7-.7-10C479.7 196.5 528 238.8 528 288c0 28.7-16.2 50.6-29.7 64z\"><\/path><\/svg>\t\t\t\t<\/span>\n\t\t\t<\/div>\n\t\t\t\n\t\t\t\t\t\t<div class=\"elementor-icon-box-content\">\n\n\t\t\t\t\t\t\t\t\t<h3 class=\"elementor-icon-box-title\">\n\t\t\t\t\t\t<span  >\n\t\t\t\t\t\t\tAtenci\u00f3n al cliente\t\t\t\t\t\t<\/span>\n\t\t\t\t\t<\/h3>\n\t\t\t\t\n\t\t\t\t\t\t\t\t\t<p class=\"elementor-icon-box-description\">\n\t\t\t\t\t\tEn Italy Silver creemos que cada cliente es \u00fanico, por eso ofrecemos una atenci\u00f3n personalizada que va m\u00e1s all\u00e1 de la compra. Nos tomamos el tiempo de escuchar tus necesidades, asesorarte en la elecci\u00f3n de la joya perfecta y acompa\u00f1arte en cada paso para que tu experiencia sea especial.\t\t\t\t\t<\/p>\n\t\t\t\t\n\t\t\t<\/div>\n\t\t\t\n\t\t<\/div>\n\t\t\t\t\t\t<\/div>\n\t\t\t\t\t<\/div>\n\t\t\t\t<\/div>\n\t\t<div class=\"elementor-element elementor-element-5fa8658 e-flex e-con-boxed e-con e-parent\" data-id=\"5fa8658\" data-element_type=\"container\">\n\t\t\t\t\t<div class=\"e-con-inner\">\n\t\t\t\t\t<\/div>\n\t\t\t\t<\/div>\n\t\t\t\t<\/div>\n\t\t","protected":false},"excerpt":{"rendered":"<p>Misi\u00f3n En Italy Silver tenemos la misi\u00f3n de ofrecer joyas de plata y accesorios exclusivos que transmitan elegancia, autenticidad y valor en cada detalle. Nos comprometemos a brindar productos de calidad certificada, acompa\u00f1ados de un servicio personalizado que supere las expectativas de nuestros clientes en Siguatepeque, Comayagua y en todo Honduras. Visi\u00f3n Ser la joyer\u00eda<\/p>\n<div class=\"klb-readmore button link bordered uppercase\"><a class=\"btn btn-primary link\" href=\"https:\/\/italysilverhonduras.com\/index.php\/about-us\/\">Read More <i class=\"klbth-icon-right-arrow\"><\/i><\/a><\/div>\n","protected":false},"author":1,"featured_media":0,"parent":0,"menu_order":0,"comment_status":"closed","ping_status":"closed","template":"","meta":{"footnotes":""},"class_list":["post-2448","page","type-page","status-publish","hentry"],"jetpack_sharing_enabled":true,"_links":{"self":[{"href":"https:\/\/italysilverhonduras.com\/index.php\/wp-json\/wp\/v2\/pages\/2448","targetHints":{"allow":["GET"]}}],"collection":[{"href":"https:\/\/italysilverhonduras.com\/index.php\/wp-json\/wp\/v2\/pages"}],"about":[{"href":"https:\/\/italysilverhonduras.com\/index.php\/wp-json\/wp\/v2\/types\/page"}],"author":[{"embeddable":true,"href":"https:\/\/italysilverhonduras.com\/index.php\/wp-json\/wp\/v2\/users\/1"}],"replies":[{"embeddable":true,"href":"https:\/\/italysilverhonduras.com\/index.php\/wp-json\/wp\/v2\/comments?post=2448"}],"version-history":[{"count":10,"href":"https:\/\/italysilverhonduras.com\/index.php\/wp-json\/wp\/v2\/pages\/2448\/revisions"}],"predecessor-version":[{"id":3093,"href":"https:\/\/italysilverhonduras.com\/index.php\/wp-json\/wp\/v2\/pages\/2448\/revisions\/3093"}],"wp:attachment":[{"href":"https:\/\/italysilverhonduras.com\/index.php\/wp-json\/wp\/v2\/media?parent=2448"}],"curies":[{"name":"wp","href":"https:\/\/api.w.org\/{rel}","templated":true}]}}